{"id":39,"date":"2018-08-22T17:24:08","date_gmt":"2018-08-22T22:24:08","guid":{"rendered":"https:\/\/www.coledidacticum.com\/wp\/?page_id=39"},"modified":"2025-05-14T12:09:21","modified_gmt":"2025-05-14T17:09:21","slug":"marcas","status":"publish","type":"page","link":"https:\/\/www.coledidacticum.com\/wp\/marcas\/","title":{"rendered":"Marcas"},"content":{"rendered":"<div class=\"wpb-content-wrapper\"><p>[vc_row][vc_column width=&#8221;1\/4&#8243;][vc_single_image media=&#8221;13&#8243; media_width_percent=&#8221;100&#8243; media_link=&#8221;url:https%3A%2F%2Fwww.festo.com%2Fco%2Fes%2Fe%2Feducacion-id_3776%2F&#8221; uncode_shortcode_id=&#8221;915759&#8243;][\/vc_column][vc_column width=&#8221;3\/4&#8243;][vc_column_text uncode_shortcode_id=&#8221;512443&#8243;]Empresa alemana con 100 a\u00f1os de experiencia, l\u00edder en sistemas de automatizaci\u00f3n, reconocida por su excelencia tanto en el \u00e1mbito industrial como en el educativo. Especializada en el dise\u00f1o y fabricaci\u00f3n de m\u00f3dulos de ense\u00f1anza en diversas \u00e1reas t\u00e9cnicas, incluyendo: paquetes de formaci\u00f3n en neum\u00e1tica e hidr\u00e1ulica, sensores y equipos de medici\u00f3n, automatizaci\u00f3n de f\u00e1bricas e Industria 4.0, f\u00e1bricas de aprendizaje, tecnolog\u00eda de control industrial, automatizaci\u00f3n de procesos, instrumentaci\u00f3n industrial y control de procesos, software, entre otros.[\/vc_column_text][\/vc_column][\/vc_row][vc_row][vc_column width=&#8221;1\/1&#8243;][vc_separator sep_color=&#8221;,Default&#8221;][\/vc_column][\/vc_row][vc_row][vc_column width=&#8221;1\/4&#8243;][vc_single_image media=&#8221;14&#8243; media_width_percent=&#8221;100&#8243; media_link=&#8221;url:https%3A%2F%2Flabvolt.festo.com%2F%23googtrans%2Fen%2Fes&#8221; uncode_shortcode_id=&#8221;969633&#8243;][\/vc_column][vc_column width=&#8221;3\/4&#8243;][vc_column_text uncode_shortcode_id=&#8221;393790&#8243;]<strong>Serie LABVOLT es parte del prestigioso grupo Festo Didactic de Alemania, reconocido por su innovaci\u00f3n y calidad en soluciones para la ense\u00f1anza t\u00e9cnica y profesional<\/strong>, especializada en las \u00e1reas de electricidad y electr\u00f3nica, con sistemas en: motores y circuitos el\u00e9ctricos, controladores de motor y actuadores, electr\u00f3nica de potencia, energ\u00edas renovables, producci\u00f3n &#8211; transmisi\u00f3n &#8211; distribuci\u00f3n y protecci\u00f3n de electricidad, tecnolog\u00edas de las comunicaciones y radares, energ\u00eda e\u00f3lica y solar, HVAC y refrigeraci\u00f3n, software, entre otras.[\/vc_column_text][\/vc_column][\/vc_row][vc_row][vc_column width=&#8221;1\/1&#8243;][vc_separator sep_color=&#8221;,Default&#8221;][\/vc_column][\/vc_row][vc_row][vc_column width=&#8221;1\/4&#8243;][vc_single_image media=&#8221;509&#8243; media_width_percent=&#8221;100&#8243; media_link=&#8221;url:https%3A%2F%2Fwww.tecquipment.com%2Fes%2F|title:TecQuipment&#8221; uncode_shortcode_id=&#8221;213884&#8243;][\/vc_column][vc_column width=&#8221;3\/4&#8243;][vc_column_text uncode_shortcode_id=&#8221;134673&#8243;]Empresa brit\u00e1nica con m\u00e1s de 60 a\u00f1os de experiencia, reconocida a nivel mundial por ofrecer un programa integral de soporte y equipamiento para laboratorios especializados en \u00e1reas como aerodin\u00e1mica, mec\u00e1nica de fluidos, ingenier\u00eda de control, pruebas de materiales y propiedades, control ambiental, termodin\u00e1mica, estructuras, entre otras. Su trayectoria respalda su compromiso con la innovaci\u00f3n y la excelencia en la educaci\u00f3n t\u00e9cnica y cient\u00edfica.[\/vc_column_text][\/vc_column][\/vc_row][vc_row][vc_column width=&#8221;1\/1&#8243;][vc_separator sep_color=&#8221;,Default&#8221;][\/vc_column][\/vc_row][vc_row][vc_column width=&#8221;1\/4&#8243;][vc_single_image media=&#8221;45&#8243; media_width_percent=&#8221;100&#8243; media_link=&#8221;url:https%3A%2F%2Fwww.phywe.com%2Fes%2F&#8221; uncode_shortcode_id=&#8221;428388&#8243;][\/vc_column][vc_column width=&#8221;3\/4&#8243;][vc_column_text uncode_shortcode_id=&#8221;186964&#8243;]Empresa alemana con casi un siglo de experiencia, especializada en la fabricaci\u00f3n de equipos para laboratorios de f\u00edsica, qu\u00edmica, biolog\u00eda, ciencias aplicadas, as\u00ed como en el desarrollo de kits educativos para estudiantes y experimentos espec\u00edficos. Su cat\u00e1logo abarca pr\u00e1cticamente todos los experimentos vigentes en el campo de las ciencias, con sistemas dise\u00f1ados de manera modular para adaptarse a diversas necesidades educativas y de investigaci\u00f3n.[\/vc_column_text][\/vc_column][\/vc_row][vc_row][vc_column width=&#8221;1\/1&#8243;][vc_separator sep_color=&#8221;,Default&#8221;][\/vc_column][\/vc_row][vc_row][vc_column width=&#8221;1\/4&#8243;][vc_single_image media=&#8221;644&#8243; media_width_use_pixel=&#8221;yes&#8221; uncode_shortcode_id=&#8221;433018&#8243; media_link=&#8221;url:https%3A%2F%2Fwww.peaktech.de%2Fes%2F&#8221;][\/vc_column][vc_column width=&#8221;3\/4&#8243;][vc_column_text uncode_shortcode_id=&#8221;851208&#8243;]Empresa alemana dedicada al desarrollo de productos modernos y avanzados en tecnolog\u00eda de medici\u00f3n electr\u00f3nica. Nos consideramos un proveedor integral para laboratorios, universidades, escuelas, as\u00ed como para la industria y el comercio. Cumplimos rigurosamente con todas las normas, leyes y directivas de la Uni\u00f3n Europea, garantizando un alto nivel de seguridad en el uso y procesamiento de nuestros equipos.[\/vc_column_text][\/vc_column][\/vc_row][vc_row][vc_column width=&#8221;1\/1&#8243;][\/vc_column][\/vc_row]<\/p>\n<\/div>","protected":false},"excerpt":{"rendered":"<p>[vc_row][vc_column width=&#8221;1\/4&#8243;][vc_single_image media=&#8221;13&#8243; media_width_percent=&#8221;100&#8243; media_link=&#8221;url:https%3A%2F%2Fwww.festo.com%2Fco%2Fes%2Fe%2Feducacion-id_3776%2F&#8221; uncode_shortcode_id=&#8221;915759&#8243;][\/vc_column][vc_column width=&#8221;3\/4&#8243;][vc_column_text uncode_shortcode_id=&#8221;512443&#8243;]Empresa alemana con 100 a\u00f1os de experiencia, l\u00edder en sistemas de automatizaci\u00f3n, reconocida [&hellip;]<\/p>\n","protected":false},"author":1,"featured_media":0,"parent":0,"menu_order":0,"comment_status":"closed","ping_status":"closed","template":"","meta":{"_monsterinsights_skip_tracking":false,"_monsterinsights_sitenote_active":false,"_monsterinsights_sitenote_note":"","_monsterinsights_sitenote_category":0,"footnotes":""},"class_list":["post-39","page","type-page","status-publish","hentry"],"_links":{"self":[{"href":"https:\/\/www.coledidacticum.com\/wp\/wp-json\/wp\/v2\/pages\/39","targetHints":{"allow":["GET"]}}],"collection":[{"href":"https:\/\/www.coledidacticum.com\/wp\/wp-json\/wp\/v2\/pages"}],"about":[{"href":"https:\/\/www.coledidacticum.com\/wp\/wp-json\/wp\/v2\/types\/page"}],"author":[{"embeddable":true,"href":"https:\/\/www.coledidacticum.com\/wp\/wp-json\/wp\/v2\/users\/1"}],"replies":[{"embeddable":true,"href":"https:\/\/www.coledidacticum.com\/wp\/wp-json\/wp\/v2\/comments?post=39"}],"version-history":[{"count":27,"href":"https:\/\/www.coledidacticum.com\/wp\/wp-json\/wp\/v2\/pages\/39\/revisions"}],"predecessor-version":[{"id":943,"href":"https:\/\/www.coledidacticum.com\/wp\/wp-json\/wp\/v2\/pages\/39\/revisions\/943"}],"wp:attachment":[{"href":"https:\/\/www.coledidacticum.com\/wp\/wp-json\/wp\/v2\/media?parent=39"}],"curies":[{"name":"wp","href":"https:\/\/api.w.org\/{rel}","templated":true}]}}